{"id":169954,"date":"2022-04-29T12:09:44","date_gmt":"2022-04-29T10:09:44","guid":{"rendered":"https:\/\/bikefinder.com\/about-us-2\/"},"modified":"2026-02-17T10:00:31","modified_gmt":"2026-02-17T09:00:31","slug":"about-us-2","status":"publish","type":"page","link":"https:\/\/bikefinder.com\/de\/about-us-2\/","title":{"rendered":"\u00dcber uns"},"content":{"rendered":"\n<div class=\"wp-block-group alignfull has-off-white-background-color has-background has-global-padding is-layout-constrained wp-block-group-is-layout-constrained\" style=\"padding-top:var(--wp--preset--spacing--40);padding-bottom:var(--wp--preset--spacing--40)\"><div class=\"wp-block-group__inner-container\">\n<h2 class=\"wp-block-heading has-text-align-center has-montserrat-font-family\" style=\"font-style:normal;font-weight:700;text-transform:none\"><strong>Das BikeFinder Team<mark style=\"background-color:rgba(0, 0, 0, 0);color:#0074c8\" class=\"has-inline-color\">.<\/mark><\/strong><\/h2>\n\n\n\n<hr class=\"wp-block-separator has-text-color has-primary-color has-alpha-channel-opacity has-primary-background-color has-background\"\/>\n<\/div><\/div>\n\n\n\n<div class=\"wp-block-group alignfull has-global-padding is-layout-constrained wp-block-group-is-layout-constrained\" style=\"padding-top:0;padding-bottom:var(--wp--preset--spacing--30)\"><div class=\"wp-block-group__inner-container\">\n<div class=\"wp-block-columns is-layout-flex wp-container-core-columns-is-layout-7fc3d43a wp-block-columns-is-layout-flex\">\n<div class=\"wp-block-column is-layout-flow wp-block-column-is-layout-flow\" style=\"flex-basis:50%\">\n<h2 class=\"wp-block-heading has-montserrat-font-family has-x-large-font-size\" style=\"font-style:normal;font-weight:700\"><strong>Die Geschichte von BikeFinder<\/strong><\/h2>\n\n\n\n<p class=\"has-montserrat-font-family\">Die Wurzeln von BikeFinder liegen im Jahr 2015 im Herzen von Stavanger, Norwegens unternehmerischer und innovativer Tech-Start-up-Gemeinschaft. Der Diebstahl ihrer Fahrr\u00e4der inspirierte das Gr\u00fcnderteam zu einer Vision f\u00fcr Fahrradsicherheit. Nach vier Jahren Entwicklung entstand der erste speziell f\u00fcr Fahrr\u00e4der konzipierte Tracker. Wir kombinieren mehrere Kommunikationstechnologien mit einem f\u00fcr Fahrr\u00e4der optimierten Hardware-Design und modernster IoT-Softwareentwicklung. Heute wird unser Tracker in 45 verschiedenen L\u00e4ndern weltweit eingesetzt.<\/p>\n<\/div>\n\n\n\n<div class=\"wp-block-column is-layout-flow wp-block-column-is-layout-flow\" style=\"padding-top:13px;flex-basis:50%\">\n<figure class=\"wp-block-image size-large is-resized has-custom-border\"><img loading=\"lazy\" decoding=\"async\" width=\"1024\" height=\"634\" src=\"https:\/\/bikefinder.com\/wp-content\/uploads\/2024\/10\/20-Gruppebilder-Fun-3515-1-1024x634.jpg\" alt=\"BikeFinder Mitarbeiter\" class=\"wp-image-302659\" style=\"border-radius:0px;width:590px;height:auto\" srcset=\"https:\/\/bikefinder.com\/wp-content\/uploads\/2024\/10\/20-Gruppebilder-Fun-3515-1-1024x634.jpg 1024w, https:\/\/bikefinder.com\/wp-content\/uploads\/2024\/10\/20-Gruppebilder-Fun-3515-1-300x186.jpg 300w, https:\/\/bikefinder.com\/wp-content\/uploads\/2024\/10\/20-Gruppebilder-Fun-3515-1-768x476.jpg 768w, https:\/\/bikefinder.com\/wp-content\/uploads\/2024\/10\/20-Gruppebilder-Fun-3515-1-1536x951.jpg 1536w, https:\/\/bikefinder.com\/wp-content\/uploads\/2024\/10\/20-Gruppebilder-Fun-3515-1-2048x1269.jpg 2048w, https:\/\/bikefinder.com\/wp-content\/uploads\/2024\/10\/20-Gruppebilder-Fun-3515-1-500x310.jpg 500w\" sizes=\"auto, (max-width: 1024px) 100vw, 1024px\" \/><\/figure>\n<\/div>\n<\/div>\n<\/div><\/div>\n\n\n\n<div class=\"wp-block-group alignfull has-off-white-background-color has-background has-global-padding is-layout-constrained wp-block-group-is-layout-constrained\" style=\"padding-top:var(--wp--preset--spacing--30);padding-bottom:var(--wp--preset--spacing--40)\"><div class=\"wp-block-group__inner-container\">\n<div class=\"wp-block-columns is-layout-flex wp-container-core-columns-is-layout-28f84493 wp-block-columns-is-layout-flex\">\n<div class=\"wp-block-column is-layout-flow wp-block-column-is-layout-flow\" style=\"padding-top:12px\">\n<figure class=\"wp-block-image aligncenter size-large is-resized has-custom-border\"><img loading=\"lazy\" decoding=\"async\" width=\"1024\" height=\"964\" src=\"https:\/\/bikefinder.com\/wp-content\/uploads\/2024\/11\/3V1A8002_WebSize7-1024x964.jpg\" alt=\"BikeFinder Kunden Service Mitarbeiterin\" class=\"wp-image-306993\" style=\"border-radius:0px;width:590px\" srcset=\"https:\/\/bikefinder.com\/wp-content\/uploads\/2024\/11\/3V1A8002_WebSize7-1024x964.jpg 1024w, https:\/\/bikefinder.com\/wp-content\/uploads\/2024\/11\/3V1A8002_WebSize7-300x282.jpg 300w, https:\/\/bikefinder.com\/wp-content\/uploads\/2024\/11\/3V1A8002_WebSize7-768x723.jpg 768w, https:\/\/bikefinder.com\/wp-content\/uploads\/2024\/11\/3V1A8002_WebSize7-1536x1445.jpg 1536w, https:\/\/bikefinder.com\/wp-content\/uploads\/2024\/11\/3V1A8002_WebSize7-500x470.jpg 500w, https:\/\/bikefinder.com\/wp-content\/uploads\/2024\/11\/3V1A8002_WebSize7.jpg 2048w\" sizes=\"auto, (max-width: 1024px) 100vw, 1024px\" \/><\/figure>\n<\/div>\n\n\n\n<div class=\"wp-block-column is-layout-flow wp-block-column-is-layout-flow\" style=\"padding-left:20px\">\n<h2 class=\"wp-block-heading has-montserrat-font-family has-x-large-font-size\" style=\"font-style:normal;font-weight:700\"><strong>Technologie, Menschen &amp; Unternehmen<\/strong><\/h2>\n\n\n\n<p class=\"has-montserrat-font-family\">Unser Erfolgsrezept ist die Verbindung von technischer Exzellenz mit kaufm\u00e4nnischer Superkraft.<\/p>\n\n\n\n<p>Das Team von BikeFinder w\u00e4chst und besteht derzeit aus 10 Nationalit\u00e4ten in Norwegen, Gro\u00dfbritannien und Deutschland. Wir haben ein breit gef\u00e4chertes Geschlechterprofil und glauben, dass Vielfalt Wachstum und Innovation f\u00f6rdert. Wir sind stolz darauf, ein Vorreiter und Marktf\u00fchrer im Bereich Fahrrad-IoT zu sein.<\/p>\n\n\n\n<p class=\"has-montserrat-font-family\">Wir sind es gewohnt, technische Grenzen zu \u00fcberwinden, um innovative funktionale L\u00f6sungen zu entwickeln. Gleichzeitig konzentrieren wir uns auf die Herausforderungen unserer Kunden und auf unsere Mission, umweltfreundlichen Individualverkehr zu unterst\u00fctzen.<\/p>\n<\/div>\n<\/div>\n<\/div><\/div>\n\n\n\n<div class=\"wp-block-group alignfull has-off-white-background-color has-background has-global-padding is-layout-constrained wp-block-group-is-layout-constrained\" style=\"padding-top:var(--wp--preset--spacing--30);padding-bottom:var(--wp--preset--spacing--30)\"><div class=\"wp-block-group__inner-container\">\n<div class=\"wp-block-columns is-layout-flex wp-container-core-columns-is-layout-658170e2 wp-block-columns-is-layout-flex\">\n<div class=\"wp-block-column is-layout-flow wp-block-column-is-layout-flow\">\n<h2 class=\"wp-block-heading has-montserrat-font-family has-x-large-font-size\"><strong>Offizieller Lieferant von Team Visma | Lease a bike<\/strong><\/h2>\n\n\n\n<p class=\"has-montserrat-font-family\">Die Partnerschaft von BikeFinder mit Team Visma | Lease a Bike zeigt das gemeinsame Engagement f\u00fcr mehr Bewusstsein rund um Fahrradsicherheit und -diebstahl. BikeFinder ist das offizielle Ortungsger\u00e4t des Teams.<\/p>\n\n\n\n<p>\u201eWir freuen uns, BikeFinder als Partner willkommen zu heissen. BikeFinder beliefert uns mit Trackern f\u00fcr das gesamte Team, damit wir die Fahrr\u00e4der aller unserer Fahrer vor Diebstahl sch\u00fctzen k\u00f6nnen.\u201c<br>\u2013 Marcel Kruithof, Manager Service Course Team Visma | Lease a bike<\/p>\n<\/div>\n\n\n\n<div class=\"wp-block-column is-layout-flow wp-block-column-is-layout-flow\" style=\"padding-top:13px\">\n<figure class=\"wp-block-image aligncenter size-full is-resized has-custom-border is-style-default\"><img loading=\"lazy\" decoding=\"async\" width=\"703\" height=\"500\" src=\"https:\/\/bikefinder.com\/wp-content\/uploads\/2024\/11\/Small-Trainingsbeeld-shirt-2024.jpg\" alt=\"Visma Lease a Bike\" class=\"wp-image-306905\" style=\"border-radius:0px;width:590px\" srcset=\"https:\/\/bikefinder.com\/wp-content\/uploads\/2024\/11\/Small-Trainingsbeeld-shirt-2024.jpg 703w, https:\/\/bikefinder.com\/wp-content\/uploads\/2024\/11\/Small-Trainingsbeeld-shirt-2024-300x213.jpg 300w, https:\/\/bikefinder.com\/wp-content\/uploads\/2024\/11\/Small-Trainingsbeeld-shirt-2024-500x356.jpg 500w\" sizes=\"auto, (max-width: 703px) 100vw, 703px\" \/><\/figure>\n<\/div>\n<\/div>\n<\/div><\/div>\n\n\n\n<div class=\"wp-block-group has-global-padding is-layout-constrained wp-block-group-is-layout-constrained\" style=\"padding-top:var(--wp--preset--spacing--30);padding-bottom:var(--wp--preset--spacing--50)\"><div class=\"wp-block-group__inner-container\">\n<div class=\"wp-block-columns is-layout-flex wp-container-core-columns-is-layout-cd6a0e38 wp-block-columns-is-layout-flex\" style=\"padding-bottom:0\">\n<div class=\"wp-block-column is-layout-flow wp-block-column-is-layout-flow\" style=\"padding-top:12px\">\n<figure class=\"wp-block-image aligncenter size-large is-resized\"><img loading=\"lazy\" decoding=\"async\" width=\"1024\" height=\"683\" src=\"https:\/\/bikefinder.com\/wp-content\/uploads\/2024\/09\/BikeFinder_Articles_Blog-1024x683.jpg\" alt=\"BikeFinder Artikel lesen\" class=\"wp-image-298039\" style=\"width:590px\" srcset=\"https:\/\/bikefinder.com\/wp-content\/uploads\/2024\/09\/BikeFinder_Articles_Blog-1024x683.jpg 1024w, https:\/\/bikefinder.com\/wp-content\/uploads\/2024\/09\/BikeFinder_Articles_Blog-300x200.jpg 300w, https:\/\/bikefinder.com\/wp-content\/uploads\/2024\/09\/BikeFinder_Articles_Blog-768x512.jpg 768w, https:\/\/bikefinder.com\/wp-content\/uploads\/2024\/09\/BikeFinder_Articles_Blog-1536x1024.jpg 1536w, https:\/\/bikefinder.com\/wp-content\/uploads\/2024\/09\/BikeFinder_Articles_Blog-2048x1365.jpg 2048w, https:\/\/bikefinder.com\/wp-content\/uploads\/2024\/09\/BikeFinder_Articles_Blog-500x333.jpg 500w\" sizes=\"auto, (max-width: 1024px) 100vw, 1024px\" \/><\/figure>\n<\/div>\n\n\n\n<div class=\"wp-block-column is-layout-flow wp-block-column-is-layout-flow\" style=\"padding-left:20px\">\n<h2 class=\"wp-block-heading has-text-align-left has-secondary-color has-text-color has-x-large-font-size\" style=\"font-style:normal;font-weight:700\"><strong>Lese unsere neusten Artikel<\/strong><\/h2>\n\n\n\n<p>Erfahre in unseren Erfolgsgeschichten, wie Kunden ihre gestohlenen Fahrr\u00e4der zur\u00fcckbekommen haben. Bleib mit unseren Business News \u00fcber Partnerschaften, Expansionen und Innovationen informiert. Unter Insights findest du wertvolle Statistiken, Expertenratschl\u00e4ge und Tipps zur Fahrraddiebstahlpr\u00e4vention.<\/p>\n\n\n\n<div class=\"wp-block-buttons is-content-justification-center is-layout-flex wp-container-core-buttons-is-layout-a89b3969 wp-block-buttons-is-layout-flex\">\n<div class=\"wp-block-button\"><a class=\"wp-block-button__link has-base-color has-primary-background-color has-text-color has-background has-custom-font-size wp-element-button\" href=\"https:\/\/bikefinder.com\/de\/articles\/\" style=\"border-radius:100vw;font-size:clamp(14px, 0.875rem + ((1vw - 3.2px) * 0.652), 20px);font-style:normal;font-weight:700\" target=\"_blank\" rel=\"noreferrer noopener\">HIER LESEN<\/a><\/div>\n<\/div>\n<\/div>\n<\/div>\n<\/div><\/div>\n","protected":false},"excerpt":{"rendered":"<p>Das BikeFinder Team. Die Geschichte von BikeFinder Die Wurzeln von BikeFinder liegen im Jahr 2015 im Herzen von Stavanger, Norwegens unternehmerischer und innovativer Tech-Start-up-Gemeinschaft. Der Diebstahl ihrer Fahrr\u00e4der inspirierte das Gr\u00fcnderteam zu einer Vision f\u00fcr Fahrradsicherheit. Nach vier Jahren Entwicklung entstand der erste speziell f\u00fcr Fahrr\u00e4der konzipierte Tracker. Wir kombinieren mehrere Kommunikationstechnologien mit einem f\u00fcr [&hellip;]<\/p>\n","protected":false},"author":2,"featured_media":0,"parent":0,"menu_order":0,"comment_status":"closed","ping_status":"closed","template":"block-theme-template.php","meta":{"inline_featured_image":false,"site-sidebar-layout":"default","site-content-layout":"page-builder","ast-site-content-layout":"full-width-container","site-content-style":"unboxed","site-sidebar-style":"unboxed","ast-global-header-display":"","ast-banner-title-visibility":"","ast-main-header-display":"","ast-hfb-above-header-display":"","ast-hfb-below-header-display":"","ast-hfb-mobile-header-display":"","site-post-title":"disabled","ast-breadcrumbs-content":"","ast-featured-img":"disabled","footer-sml-layout":"","ast-disable-related-posts":"","theme-transparent-header-meta":"default","adv-header-id-meta":"","stick-header-meta":"default","header-above-stick-meta":"","header-main-stick-meta":"","header-below-stick-meta":"","astra-migrate-meta-layouts":"set","ast-page-background-enabled":"default","ast-page-background-meta":{"desktop":{"background-color":"","background-image":"","background-repeat":"repeat","background-position":"center center","background-size":"auto","background-attachment":"scroll","background-type":"","background-media":"","overlay-type":"","overlay-color":"","overlay-opacity":"","overlay-gradient":""},"tablet":{"background-color":"","background-image":"","background-repeat":"repeat","background-position":"center center","background-size":"auto","background-attachment":"scroll","background-type":"","background-media":"","overlay-type":"","overlay-color":"","overlay-opacity":"","overlay-gradient":""},"mobile":{"background-color":"","background-image":"","background-repeat":"repeat","background-position":"center center","background-size":"auto","background-attachment":"scroll","background-type":"","background-media":"","overlay-type":"","overlay-color":"","overlay-opacity":"","overlay-gradient":""}},"ast-content-background-meta":{"desktop":{"background-color":"var(--ast-global-color-5)","background-image":"","background-repeat":"repeat","background-position":"center center","background-size":"auto","background-attachment":"scroll","background-type":"","background-media":"","overlay-type":"","overlay-color":"","overlay-opacity":"","overlay-gradient":""},"tablet":{"background-color":"var(--ast-global-color-5)","background-image":"","background-repeat":"repeat","background-position":"center center","background-size":"auto","background-attachment":"scroll","background-type":"","background-media":"","overlay-type":"","overlay-color":"","overlay-opacity":"","overlay-gradient":""},"mobile":{"background-color":"var(--ast-global-color-5)","background-image":"","background-repeat":"repeat","background-position":"center center","background-size":"auto","background-attachment":"scroll","background-type":"","background-media":"","overlay-type":"","overlay-color":"","overlay-opacity":"","overlay-gradient":""}},"footnotes":""},"class_list":["post-169954","page","type-page","status-publish","hentry"],"yoast_head":"<!-- This site is optimized with the Yoast SEO plugin v27.0 - https:\/\/yoast.com\/product\/yoast-seo-wordpress\/ -->\n<title>\u00dcber uns - BikeFinder wir finden dein Fahrrad<\/title>\n<meta name=\"description\" content=\"Von einem norwegischen Start-up zu einem weltweit f\u00fchrenden Anbieter von IoT-L\u00f6sungen f\u00fcr Fahrr\u00e4der mit GPS-Ortung, Diebstahlschutz und intelligente Mobilit\u00e4t in \u00fcber 45 L\u00e4ndern.\" \/>\n<meta name=\"robots\" content=\"index, follow, max-snippet:-1, max-image-preview:large, max-video-preview:-1\" \/>\n<link rel=\"canonical\" href=\"https:\/\/bikefinder.com\/de\/about-us-2\/\" \/>\n<meta property=\"og:locale\" content=\"de_DE\" \/>\n<meta property=\"og:type\" content=\"article\" \/>\n<meta property=\"og:title\" content=\"\u00dcber uns - BikeFinder wir finden dein Fahrrad\" \/>\n<meta property=\"og:description\" content=\"Von einem norwegischen Start-up zu einem weltweit f\u00fchrenden Anbieter von IoT-L\u00f6sungen f\u00fcr Fahrr\u00e4der mit GPS-Ortung, Diebstahlschutz und intelligente Mobilit\u00e4t in \u00fcber 45 L\u00e4ndern.\" \/>\n<meta property=\"og:url\" content=\"https:\/\/bikefinder.com\/de\/about-us-2\/\" \/>\n<meta property=\"og:site_name\" content=\"BikeFinder\" \/>\n<meta property=\"article:publisher\" content=\"https:\/\/www.facebook.com\/teambikefinder\" \/>\n<meta property=\"article:modified_time\" content=\"2026-02-17T09:00:31+00:00\" \/>\n<meta property=\"og:image\" content=\"https:\/\/bikefinder.com\/wp-content\/uploads\/2024\/10\/20-Gruppebilder-Fun-3515-1.jpg\" \/>\n\t<meta property=\"og:image:width\" content=\"2189\" \/>\n\t<meta property=\"og:image:height\" content=\"1356\" \/>\n\t<meta property=\"og:image:type\" content=\"image\/jpeg\" \/>\n<meta name=\"twitter:card\" content=\"summary_large_image\" \/>\n<meta name=\"twitter:site\" content=\"@TeamBikeFinder\" \/>\n<meta name=\"twitter:label1\" content=\"Gesch\u00e4tzte Lesezeit\" \/>\n\t<meta name=\"twitter:data1\" content=\"3\u00a0Minute\" \/>\n<script type=\"application\/ld+json\" class=\"yoast-schema-graph\">{\"@context\":\"https:\/\/schema.org\",\"@graph\":[{\"@type\":[\"WebPage\",\"ProfilePage\"],\"@id\":\"https:\/\/bikefinder.com\/de\/about-us-2\/\",\"url\":\"https:\/\/bikefinder.com\/de\/about-us-2\/\",\"name\":\"\u00dcber uns - BikeFinder wir finden dein Fahrrad\",\"isPartOf\":{\"@id\":\"https:\/\/bikefinder.com\/#website\"},\"primaryImageOfPage\":{\"@id\":\"https:\/\/bikefinder.com\/de\/about-us-2\/#primaryimage\"},\"image\":{\"@id\":\"https:\/\/bikefinder.com\/de\/about-us-2\/#primaryimage\"},\"thumbnailUrl\":\"https:\/\/bikefinder.com\/wp-content\/uploads\/2024\/10\/20-Gruppebilder-Fun-3515-1-1024x634.jpg\",\"datePublished\":\"2022-04-29T10:09:44+00:00\",\"dateModified\":\"2026-02-17T09:00:31+00:00\",\"description\":\"Von einem norwegischen Start-up zu einem weltweit f\u00fchrenden Anbieter von IoT-L\u00f6sungen f\u00fcr Fahrr\u00e4der mit GPS-Ortung, Diebstahlschutz und intelligente Mobilit\u00e4t in \u00fcber 45 L\u00e4ndern.\",\"breadcrumb\":{\"@id\":\"https:\/\/bikefinder.com\/de\/about-us-2\/#breadcrumb\"},\"inLanguage\":\"de\",\"potentialAction\":[{\"@type\":\"ReadAction\",\"target\":[\"https:\/\/bikefinder.com\/de\/about-us-2\/\"]}]},{\"@type\":\"ImageObject\",\"inLanguage\":\"de\",\"@id\":\"https:\/\/bikefinder.com\/de\/about-us-2\/#primaryimage\",\"url\":\"https:\/\/bikefinder.com\/wp-content\/uploads\/2024\/10\/20-Gruppebilder-Fun-3515-1-1024x634.jpg\",\"contentUrl\":\"https:\/\/bikefinder.com\/wp-content\/uploads\/2024\/10\/20-Gruppebilder-Fun-3515-1-1024x634.jpg\"},{\"@type\":\"BreadcrumbList\",\"@id\":\"https:\/\/bikefinder.com\/de\/about-us-2\/#breadcrumb\",\"itemListElement\":[{\"@type\":\"ListItem\",\"position\":1,\"name\":\"Home\",\"item\":\"https:\/\/bikefinder.com\/de\/\"},{\"@type\":\"ListItem\",\"position\":2,\"name\":\"\u00fcber uns\"}]},{\"@type\":\"WebSite\",\"@id\":\"https:\/\/bikefinder.com\/#website\",\"url\":\"https:\/\/bikefinder.com\/\",\"name\":\"BikeFinder\",\"description\":\"GPS-sporing og forsikring til sykkel\",\"publisher\":{\"@id\":\"https:\/\/bikefinder.com\/#organization\"},\"potentialAction\":[{\"@type\":\"SearchAction\",\"target\":{\"@type\":\"EntryPoint\",\"urlTemplate\":\"https:\/\/bikefinder.com\/?s={search_term_string}\"},\"query-input\":{\"@type\":\"PropertyValueSpecification\",\"valueRequired\":true,\"valueName\":\"search_term_string\"}}],\"inLanguage\":\"de\"},{\"@type\":\"Organization\",\"@id\":\"https:\/\/bikefinder.com\/#organization\",\"name\":\"BikeFinder\",\"url\":\"https:\/\/bikefinder.com\/\",\"logo\":{\"@type\":\"ImageObject\",\"inLanguage\":\"de\",\"@id\":\"https:\/\/bikefinder.com\/#\/schema\/logo\/image\/\",\"url\":\"https:\/\/bikefinder.com\/wp-content\/uploads\/2020\/05\/logo_drop_big.png\",\"contentUrl\":\"https:\/\/bikefinder.com\/wp-content\/uploads\/2020\/05\/logo_drop_big.png\",\"width\":200,\"height\":200,\"caption\":\"BikeFinder\"},\"image\":{\"@id\":\"https:\/\/bikefinder.com\/#\/schema\/logo\/image\/\"},\"sameAs\":[\"https:\/\/www.facebook.com\/teambikefinder\",\"https:\/\/x.com\/TeamBikeFinder\",\"https:\/\/www.instagram.com\/teambikefinder\/\",\"https:\/\/www.youtube.com\/@teambikefinder\/\",\"https:\/\/www.linkedin.com\/company\/bikefinder\"],\"mainEntityOfPage\":{\"@id\":\"https:\/\/bikefinder.com\/de\/about-us-2\/\"}}]}<\/script>\n<!-- \/ Yoast SEO plugin. -->","yoast_head_json":{"title":"\u00dcber uns - BikeFinder wir finden dein Fahrrad","description":"Von einem norwegischen Start-up zu einem weltweit f\u00fchrenden Anbieter von IoT-L\u00f6sungen f\u00fcr Fahrr\u00e4der mit GPS-Ortung, Diebstahlschutz und intelligente Mobilit\u00e4t in \u00fcber 45 L\u00e4ndern.","robots":{"index":"index","follow":"follow","max-snippet":"max-snippet:-1","max-image-preview":"max-image-preview:large","max-video-preview":"max-video-preview:-1"},"canonical":"https:\/\/bikefinder.com\/de\/about-us-2\/","og_locale":"de_DE","og_type":"article","og_title":"\u00dcber uns - BikeFinder wir finden dein Fahrrad","og_description":"Von einem norwegischen Start-up zu einem weltweit f\u00fchrenden Anbieter von IoT-L\u00f6sungen f\u00fcr Fahrr\u00e4der mit GPS-Ortung, Diebstahlschutz und intelligente Mobilit\u00e4t in \u00fcber 45 L\u00e4ndern.","og_url":"https:\/\/bikefinder.com\/de\/about-us-2\/","og_site_name":"BikeFinder","article_publisher":"https:\/\/www.facebook.com\/teambikefinder","article_modified_time":"2026-02-17T09:00:31+00:00","og_image":[{"width":2189,"height":1356,"url":"https:\/\/bikefinder.com\/wp-content\/uploads\/2024\/10\/20-Gruppebilder-Fun-3515-1.jpg","type":"image\/jpeg"}],"twitter_card":"summary_large_image","twitter_site":"@TeamBikeFinder","twitter_misc":{"Gesch\u00e4tzte Lesezeit":"3\u00a0Minute"},"schema":{"@context":"https:\/\/schema.org","@graph":[{"@type":["WebPage","ProfilePage"],"@id":"https:\/\/bikefinder.com\/de\/about-us-2\/","url":"https:\/\/bikefinder.com\/de\/about-us-2\/","name":"\u00dcber uns - BikeFinder wir finden dein Fahrrad","isPartOf":{"@id":"https:\/\/bikefinder.com\/#website"},"primaryImageOfPage":{"@id":"https:\/\/bikefinder.com\/de\/about-us-2\/#primaryimage"},"image":{"@id":"https:\/\/bikefinder.com\/de\/about-us-2\/#primaryimage"},"thumbnailUrl":"https:\/\/bikefinder.com\/wp-content\/uploads\/2024\/10\/20-Gruppebilder-Fun-3515-1-1024x634.jpg","datePublished":"2022-04-29T10:09:44+00:00","dateModified":"2026-02-17T09:00:31+00:00","description":"Von einem norwegischen Start-up zu einem weltweit f\u00fchrenden Anbieter von IoT-L\u00f6sungen f\u00fcr Fahrr\u00e4der mit GPS-Ortung, Diebstahlschutz und intelligente Mobilit\u00e4t in \u00fcber 45 L\u00e4ndern.","breadcrumb":{"@id":"https:\/\/bikefinder.com\/de\/about-us-2\/#breadcrumb"},"inLanguage":"de","potentialAction":[{"@type":"ReadAction","target":["https:\/\/bikefinder.com\/de\/about-us-2\/"]}]},{"@type":"ImageObject","inLanguage":"de","@id":"https:\/\/bikefinder.com\/de\/about-us-2\/#primaryimage","url":"https:\/\/bikefinder.com\/wp-content\/uploads\/2024\/10\/20-Gruppebilder-Fun-3515-1-1024x634.jpg","contentUrl":"https:\/\/bikefinder.com\/wp-content\/uploads\/2024\/10\/20-Gruppebilder-Fun-3515-1-1024x634.jpg"},{"@type":"BreadcrumbList","@id":"https:\/\/bikefinder.com\/de\/about-us-2\/#breadcrumb","itemListElement":[{"@type":"ListItem","position":1,"name":"Home","item":"https:\/\/bikefinder.com\/de\/"},{"@type":"ListItem","position":2,"name":"\u00fcber uns"}]},{"@type":"WebSite","@id":"https:\/\/bikefinder.com\/#website","url":"https:\/\/bikefinder.com\/","name":"BikeFinder","description":"GPS-sporing og forsikring til sykkel","publisher":{"@id":"https:\/\/bikefinder.com\/#organization"},"potentialAction":[{"@type":"SearchAction","target":{"@type":"EntryPoint","urlTemplate":"https:\/\/bikefinder.com\/?s={search_term_string}"},"query-input":{"@type":"PropertyValueSpecification","valueRequired":true,"valueName":"search_term_string"}}],"inLanguage":"de"},{"@type":"Organization","@id":"https:\/\/bikefinder.com\/#organization","name":"BikeFinder","url":"https:\/\/bikefinder.com\/","logo":{"@type":"ImageObject","inLanguage":"de","@id":"https:\/\/bikefinder.com\/#\/schema\/logo\/image\/","url":"https:\/\/bikefinder.com\/wp-content\/uploads\/2020\/05\/logo_drop_big.png","contentUrl":"https:\/\/bikefinder.com\/wp-content\/uploads\/2020\/05\/logo_drop_big.png","width":200,"height":200,"caption":"BikeFinder"},"image":{"@id":"https:\/\/bikefinder.com\/#\/schema\/logo\/image\/"},"sameAs":["https:\/\/www.facebook.com\/teambikefinder","https:\/\/x.com\/TeamBikeFinder","https:\/\/www.instagram.com\/teambikefinder\/","https:\/\/www.youtube.com\/@teambikefinder\/","https:\/\/www.linkedin.com\/company\/bikefinder"],"mainEntityOfPage":{"@id":"https:\/\/bikefinder.com\/de\/about-us-2\/"}}]}},"_links":{"self":[{"href":"https:\/\/bikefinder.com\/de\/wp-json\/wp\/v2\/pages\/169954","targetHints":{"allow":["GET"]}}],"collection":[{"href":"https:\/\/bikefinder.com\/de\/wp-json\/wp\/v2\/pages"}],"about":[{"href":"https:\/\/bikefinder.com\/de\/wp-json\/wp\/v2\/types\/page"}],"author":[{"embeddable":true,"href":"https:\/\/bikefinder.com\/de\/wp-json\/wp\/v2\/users\/2"}],"replies":[{"embeddable":true,"href":"https:\/\/bikefinder.com\/de\/wp-json\/wp\/v2\/comments?post=169954"}],"version-history":[{"count":6,"href":"https:\/\/bikefinder.com\/de\/wp-json\/wp\/v2\/pages\/169954\/revisions"}],"predecessor-version":[{"id":365921,"href":"https:\/\/bikefinder.com\/de\/wp-json\/wp\/v2\/pages\/169954\/revisions\/365921"}],"wp:attachment":[{"href":"https:\/\/bikefinder.com\/de\/wp-json\/wp\/v2\/media?parent=169954"}],"curies":[{"name":"wp","href":"https:\/\/api.w.org\/{rel}","templated":true}]}}