{"id":194902,"date":"2022-11-01T09:26:20","date_gmt":"2022-11-01T08:26:20","guid":{"rendered":"https:\/\/bikefinder.com\/contact\/"},"modified":"2026-02-17T10:02:20","modified_gmt":"2026-02-17T09:02:20","slug":"contact","status":"publish","type":"page","link":"https:\/\/bikefinder.com\/u-k\/contact\/","title":{"rendered":"Contact us"},"content":{"rendered":"\n<div class=\"wp-block-group has-off-white-background-color has-background has-global-padding is-layout-constrained wp-block-group-is-layout-constrained\" style=\"padding-top:var(--wp--preset--spacing--40);padding-bottom:var(--wp--preset--spacing--30)\"><div class=\"wp-block-group__inner-container\">\n<h2 class=\"wp-block-heading has-text-align-center has-montserrat-font-family\"><strong>Contact<mark style=\"background-color:rgba(0, 0, 0, 0);color:#0074c8\" class=\"has-inline-color\">.<\/mark><\/strong><\/h2>\n\n\n\n<hr class=\"wp-block-separator has-text-color has-primary-color has-alpha-channel-opacity has-primary-background-color has-background\" style=\"margin-top:0;margin-bottom:0\"\/>\n<\/div><\/div>\n\n\n\n<div class=\"wp-block-group has-global-padding is-layout-constrained wp-block-group-is-layout-constrained\" style=\"padding-top:var(--wp--preset--spacing--30);padding-bottom:var(--wp--preset--spacing--40)\"><div class=\"wp-block-group__inner-container\">\n<div class=\"wp-block-columns is-layout-flex wp-container-core-columns-is-layout-28f84493 wp-block-columns-is-layout-flex\">\n<div class=\"wp-block-column is-layout-flow wp-block-column-is-layout-flow\" style=\"flex-basis:50%\">\n<h2 class=\"wp-block-heading has-text-align-center has-x-large-font-size\" style=\"padding-bottom:0\"><strong>Support<\/strong><\/h2>\n\n\n\n<div class=\"wp-block-group is-content-justification-center is-nowrap is-layout-flex wp-container-core-group-is-layout-624dbe6f wp-block-group-is-layout-flex\" style=\"padding-bottom:0\">\n<figure class=\"wp-block-image size-full\"><img loading=\"lazy\" decoding=\"async\" width=\"248\" height=\"248\" src=\"https:\/\/bikefinder.com\/wp-content\/uploads\/2024\/01\/bikefinder-support.png\" alt=\"bikefinder support icon\" class=\"wp-image-252684\" srcset=\"https:\/\/bikefinder.com\/wp-content\/uploads\/2024\/01\/bikefinder-support.png 248w, https:\/\/bikefinder.com\/wp-content\/uploads\/2024\/01\/bikefinder-support-150x150.png 150w, https:\/\/bikefinder.com\/wp-content\/uploads\/2024\/01\/bikefinder-support-75x75.png 75w, https:\/\/bikefinder.com\/wp-content\/uploads\/2024\/01\/bikefinder-support-100x100.png 100w\" sizes=\"auto, (max-width: 248px) 100vw, 248px\" \/><\/figure>\n<\/div>\n\n\n\n<p class=\"has-text-align-center has-grey-blue-color has-text-color has-link-color wp-elements-25687b79713e77139f20cc7d8c354022\"><a href=\"mailto:support@bikefinder.com\">support@bikefinder.com<\/a><br>Phone: <a href=\"tel:+4796923378\">+47 969 23 378<\/a><br><\/p>\n\n\n\n<div class=\"wp-block-buttons is-content-justification-center is-layout-flex wp-container-core-buttons-is-layout-a89b3969 wp-block-buttons-is-layout-flex\">\n<div class=\"wp-block-button\"><a class=\"wp-block-button__link has-primary-background-color has-background wp-element-button\" href=\"https:\/\/bikefinder.com\/en\/articles\/faq\/\" style=\"border-radius:100px;padding-top:1rem;padding-right:2rem;padding-bottom:1rem;padding-left:2rem\"><strong>SUPPORT<\/strong><\/a><\/div>\n<\/div>\n<\/div>\n\n\n\n<div class=\"wp-block-column is-layout-flow wp-block-column-is-layout-flow\" style=\"flex-basis:50%\">\n<h2 class=\"wp-block-heading has-text-align-center has-x-large-font-size\"><strong>Company information<\/strong><\/h2>\n\n\n\n<div class=\"wp-block-group has-border-color has-primary-border-color has-global-padding is-layout-constrained wp-container-core-group-is-layout-a7502b65 wp-block-group-is-layout-constrained\" style=\"border-width:2px;border-radius:15px;padding-top:var(--wp--preset--spacing--40);padding-right:var(--wp--preset--spacing--30);padding-bottom:var(--wp--preset--spacing--30);padding-left:var(--wp--preset--spacing--30)\"><div class=\"wp-block-group__inner-container\">\n<p class=\"has-small-font-size\"><strong>BikeFinder AS<\/strong><\/p>\n\n\n\n<p class=\"has-small-font-size\"><strong><strong>Norwegian organization number<\/strong>:<\/strong>&nbsp;915 694 608<\/p>\n\n\n\n<p class=\"has-small-font-size\"><strong>EU VAT number:&nbsp;<\/strong>SE502081551901<\/p>\n\n\n\n<p class=\"has-small-font-size\"><strong>Post address:<\/strong>&nbsp;Postboks 4004, 4092 Stavanger, Norway<\/p>\n\n\n\n<p class=\"has-small-font-size\"><strong>Visiting address:&nbsp;<\/strong>Veritasveien 25, 4007 Stavanger, Norway<\/p>\n\n\n\n<div style=\"height:30px\" aria-hidden=\"true\" class=\"wp-block-spacer\"><\/div>\n\n\n\n<p class=\"has-small-font-size\"><strong>BikeFinder Limited<\/strong><\/p>\n\n\n\n<p class=\"has-small-font-size\"><strong>UK registration number:&nbsp;<\/strong>13727637<\/p>\n\n\n\n<p class=\"has-small-font-size\"><strong>UK VAT number:&nbsp;<\/strong>401 7091 37<\/p>\n<\/div><\/div>\n<\/div>\n<\/div>\n<\/div><\/div>\n\n\n\n<div class=\"wp-block-group alignfull has-offwhite-background-color has-background has-global-padding is-layout-constrained wp-block-group-is-layout-constrained\" style=\"padding-top:var(--wp--preset--spacing--30);padding-bottom:var(--wp--preset--spacing--30)\"><div class=\"wp-block-group__inner-container\">\n<h2 class=\"wp-block-heading has-text-align-center has-x-large-font-size\"><strong>Contact form<\/strong><\/h2>\n\n\n\n<p class=\"has-text-align-center\">Leave your name, email, and a short message with your inquiry and we will get back to you as soon as possible.<\/p>\n\n\n<div style=\"width: 100%; height:400px;\" data-tf-widget=\"CyFtgv0g\" data-tf-opacity=\"100\"><\/div>\n<\/div><\/div>\n\n\n\n<div class=\"wp-block-group has-global-padding is-layout-constrained wp-block-group-is-layout-constrained\"><div class=\"wp-block-group__inner-container\">\n<div class=\"wp-block-group is-content-justification-center is-layout-flex wp-container-core-group-is-layout-088bb1f9 wp-block-group-is-layout-flex\" style=\"padding-top:var(--wp--preset--spacing--40);padding-right:0;padding-bottom:var(--wp--preset--spacing--40);padding-left:0\">\n<div class=\"wp-block-group wp-container-content-2f62e668 has-global-padding is-layout-constrained wp-block-group-is-layout-constrained\"><div class=\"wp-block-group__inner-container\">\n<figure class=\"wp-block-image aligncenter size-full is-resized is-style-rounded\"><img loading=\"lazy\" decoding=\"async\" width=\"200\" height=\"200\" src=\"https:\/\/bikefinder.com\/wp-content\/uploads\/2020\/05\/logo_drop_big.png\" alt=\"logo drop\" class=\"wp-image-102418\" style=\"object-fit:cover;width:250px;height:250px\" srcset=\"https:\/\/bikefinder.com\/wp-content\/uploads\/2020\/05\/logo_drop_big.png 200w, https:\/\/bikefinder.com\/wp-content\/uploads\/2020\/05\/logo_drop_big-150x150.png 150w, https:\/\/bikefinder.com\/wp-content\/uploads\/2020\/05\/logo_drop_big-75x75.png 75w, https:\/\/bikefinder.com\/wp-content\/uploads\/2020\/05\/elementor\/thumbs\/logo_drop_big-pcrel6lj99qegzusgnld1f3u5zmdfmofi5osd6cp9k.png 100w, https:\/\/bikefinder.com\/wp-content\/uploads\/2020\/05\/elementor\/thumbs\/logo_drop_big-pcrel6ljdnm1mso5wjoh90zo9q1jat003c5azbef9o.png 110w\" sizes=\"auto, (max-width: 200px) 100vw, 200px\" \/><\/figure>\n\n\n\n<p class=\"has-text-align-center has-montserrat-font-family\"><strong><strong>BikeFinder<\/strong> <strong>Sales<\/strong> <strong>Team<\/strong><\/strong><br>Become a partner<br>sales@bikefinder.com<\/p>\n<\/div><\/div>\n<\/div>\n<\/div><\/div>\n","protected":false},"excerpt":{"rendered":"<p>Contact. Support support@bikefinder.comPhone: +47 969 23 378 Company information BikeFinder AS Norwegian organization number:&nbsp;915 694 608 EU VAT number:&nbsp;SE502081551901 Post address:&nbsp;Postboks 4004, 4092 Stavanger, Norway Visiting address:&nbsp;Veritasveien 25, 4007 Stavanger, Norway BikeFinder Limited UK registration number:&nbsp;13727637 UK VAT number:&nbsp;401 7091 37 Contact form Leave your name, email, and a short message with your inquiry and [&hellip;]<\/p>\n","protected":false},"author":12934,"featured_media":0,"parent":0,"menu_order":0,"comment_status":"closed","ping_status":"closed","template":"block-theme-template.php","meta":{"inline_featured_image":false,"site-sidebar-layout":"no-sidebar","site-content-layout":"page-builder","ast-site-content-layout":"full-width-container","site-content-style":"unboxed","site-sidebar-style":"unboxed","ast-global-header-display":"","ast-banner-title-visibility":"","ast-main-header-display":"","ast-hfb-above-header-display":"","ast-hfb-below-header-display":"","ast-hfb-mobile-header-display":"","site-post-title":"disabled","ast-breadcrumbs-content":"","ast-featured-img":"disabled","footer-sml-layout":"","ast-disable-related-posts":"","theme-transparent-header-meta":"","adv-header-id-meta":"","stick-header-meta":"","header-above-stick-meta":"","header-main-stick-meta":"","header-below-stick-meta":"","astra-migrate-meta-layouts":"set","ast-page-background-enabled":"default","ast-page-background-meta":{"desktop":{"background-color":"","background-image":"","background-repeat":"repeat","background-position":"center center","background-size":"auto","background-attachment":"scroll","background-type":"","background-media":"","overlay-type":"","overlay-color":"","overlay-opacity":"","overlay-gradient":""},"tablet":{"background-color":"","background-image":"","background-repeat":"repeat","background-position":"center center","background-size":"auto","background-attachment":"scroll","background-type":"","background-media":"","overlay-type":"","overlay-color":"","overlay-opacity":"","overlay-gradient":""},"mobile":{"background-color":"","background-image":"","background-repeat":"repeat","background-position":"center center","background-size":"auto","background-attachment":"scroll","background-type":"","background-media":"","overlay-type":"","overlay-color":"","overlay-opacity":"","overlay-gradient":""}},"ast-content-background-meta":{"desktop":{"background-color":"var(--ast-global-color-5)","background-image":"","background-repeat":"repeat","background-position":"center center","background-size":"auto","background-attachment":"scroll","background-type":"","background-media":"","overlay-type":"","overlay-color":"","overlay-opacity":"","overlay-gradient":""},"tablet":{"background-color":"var(--ast-global-color-5)","background-image":"","background-repeat":"repeat","background-position":"center center","background-size":"auto","background-attachment":"scroll","background-type":"","background-media":"","overlay-type":"","overlay-color":"","overlay-opacity":"","overlay-gradient":""},"mobile":{"background-color":"var(--ast-global-color-5)","background-image":"","background-repeat":"repeat","background-position":"center center","background-size":"auto","background-attachment":"scroll","background-type":"","background-media":"","overlay-type":"","overlay-color":"","overlay-opacity":"","overlay-gradient":""}},"footnotes":""},"class_list":["post-194902","page","type-page","status-publish","hentry"],"yoast_head":"<!-- This site is optimized with the Yoast SEO plugin v27.0 - https:\/\/yoast.com\/product\/yoast-seo-wordpress\/ -->\n<title>Contact us - BikeFinder<\/title>\n<meta name=\"description\" content=\"Kontakt BikeFinder for st\u00f8tte, forhandlerhenvendelser eller sp\u00f8rsm\u00e5l om GPS-sporing. F\u00e5 eksperthjelp med sykkelsikkerhet, abonnementer og partnerskap \u2013 ta kontakt i dag!\" \/>\n<meta name=\"robots\" content=\"index, follow, max-snippet:-1, max-image-preview:large, max-video-preview:-1\" \/>\n<link rel=\"canonical\" href=\"https:\/\/bikefinder.com\/u-k\/contact\/\" \/>\n<meta property=\"og:locale\" content=\"en_GB\" \/>\n<meta property=\"og:type\" content=\"article\" \/>\n<meta property=\"og:title\" content=\"Contact us - BikeFinder\" \/>\n<meta property=\"og:description\" content=\"Kontakt BikeFinder for st\u00f8tte, forhandlerhenvendelser eller sp\u00f8rsm\u00e5l om GPS-sporing. F\u00e5 eksperthjelp med sykkelsikkerhet, abonnementer og partnerskap \u2013 ta kontakt i dag!\" \/>\n<meta property=\"og:url\" content=\"https:\/\/bikefinder.com\/u-k\/contact\/\" \/>\n<meta property=\"og:site_name\" content=\"BikeFinder\" \/>\n<meta property=\"article:publisher\" content=\"https:\/\/www.facebook.com\/teambikefinder\" \/>\n<meta property=\"article:modified_time\" content=\"2026-02-17T09:02:20+00:00\" \/>\n<meta property=\"og:image\" content=\"https:\/\/bikefinder.com\/wp-content\/uploads\/2024\/01\/bikefinder-support.png\" \/>\n\t<meta property=\"og:image:width\" content=\"248\" \/>\n\t<meta property=\"og:image:height\" content=\"248\" \/>\n\t<meta property=\"og:image:type\" content=\"image\/png\" \/>\n<meta name=\"twitter:card\" content=\"summary_large_image\" \/>\n<meta name=\"twitter:site\" content=\"@TeamBikeFinder\" \/>\n<meta name=\"twitter:label1\" content=\"Estimated reading time\" \/>\n\t<meta name=\"twitter:data1\" content=\"1 minute\" \/>\n<script type=\"application\/ld+json\" class=\"yoast-schema-graph\">{\"@context\":\"https:\/\/schema.org\",\"@graph\":[{\"@type\":[\"WebPage\",\"ContactPage\"],\"@id\":\"https:\/\/bikefinder.com\/u-k\/contact\/\",\"url\":\"https:\/\/bikefinder.com\/u-k\/contact\/\",\"name\":\"Contact us - BikeFinder\",\"isPartOf\":{\"@id\":\"https:\/\/bikefinder.com\/#website\"},\"primaryImageOfPage\":{\"@id\":\"https:\/\/bikefinder.com\/u-k\/contact\/#primaryimage\"},\"image\":{\"@id\":\"https:\/\/bikefinder.com\/u-k\/contact\/#primaryimage\"},\"thumbnailUrl\":\"https:\/\/bikefinder.com\/wp-content\/uploads\/2024\/01\/bikefinder-support.png\",\"datePublished\":\"2022-11-01T08:26:20+00:00\",\"dateModified\":\"2026-02-17T09:02:20+00:00\",\"description\":\"Kontakt BikeFinder for st\u00f8tte, forhandlerhenvendelser eller sp\u00f8rsm\u00e5l om GPS-sporing. F\u00e5 eksperthjelp med sykkelsikkerhet, abonnementer og partnerskap \u2013 ta kontakt i dag!\",\"breadcrumb\":{\"@id\":\"https:\/\/bikefinder.com\/u-k\/contact\/#breadcrumb\"},\"inLanguage\":\"en-GB\",\"potentialAction\":[{\"@type\":\"ReadAction\",\"target\":[\"https:\/\/bikefinder.com\/u-k\/contact\/\"]}]},{\"@type\":\"ImageObject\",\"inLanguage\":\"en-GB\",\"@id\":\"https:\/\/bikefinder.com\/u-k\/contact\/#primaryimage\",\"url\":\"https:\/\/bikefinder.com\/wp-content\/uploads\/2024\/01\/bikefinder-support.png\",\"contentUrl\":\"https:\/\/bikefinder.com\/wp-content\/uploads\/2024\/01\/bikefinder-support.png\"},{\"@type\":\"BreadcrumbList\",\"@id\":\"https:\/\/bikefinder.com\/u-k\/contact\/#breadcrumb\",\"itemListElement\":[{\"@type\":\"ListItem\",\"position\":1,\"name\":\"Home\",\"item\":\"https:\/\/bikefinder.com\/u-k\/\"},{\"@type\":\"ListItem\",\"position\":2,\"name\":\"contact us\"}]},{\"@type\":\"WebSite\",\"@id\":\"https:\/\/bikefinder.com\/#website\",\"url\":\"https:\/\/bikefinder.com\/\",\"name\":\"BikeFinder\",\"description\":\"GPS-sporing og forsikring til sykkel\",\"publisher\":{\"@id\":\"https:\/\/bikefinder.com\/#organization\"},\"potentialAction\":[{\"@type\":\"SearchAction\",\"target\":{\"@type\":\"EntryPoint\",\"urlTemplate\":\"https:\/\/bikefinder.com\/?s={search_term_string}\"},\"query-input\":{\"@type\":\"PropertyValueSpecification\",\"valueRequired\":true,\"valueName\":\"search_term_string\"}}],\"inLanguage\":\"en-GB\"},{\"@type\":\"Organization\",\"@id\":\"https:\/\/bikefinder.com\/#organization\",\"name\":\"BikeFinder\",\"url\":\"https:\/\/bikefinder.com\/\",\"logo\":{\"@type\":\"ImageObject\",\"inLanguage\":\"en-GB\",\"@id\":\"https:\/\/bikefinder.com\/#\/schema\/logo\/image\/\",\"url\":\"https:\/\/bikefinder.com\/wp-content\/uploads\/2020\/05\/logo_drop_big.png\",\"contentUrl\":\"https:\/\/bikefinder.com\/wp-content\/uploads\/2020\/05\/logo_drop_big.png\",\"width\":200,\"height\":200,\"caption\":\"BikeFinder\"},\"image\":{\"@id\":\"https:\/\/bikefinder.com\/#\/schema\/logo\/image\/\"},\"sameAs\":[\"https:\/\/www.facebook.com\/teambikefinder\",\"https:\/\/x.com\/TeamBikeFinder\",\"https:\/\/www.instagram.com\/teambikefinder\/\",\"https:\/\/www.youtube.com\/@teambikefinder\/\",\"https:\/\/www.linkedin.com\/company\/bikefinder\"]}]}<\/script>\n<!-- \/ Yoast SEO plugin. -->","yoast_head_json":{"title":"Contact us - BikeFinder","description":"Kontakt BikeFinder for st\u00f8tte, forhandlerhenvendelser eller sp\u00f8rsm\u00e5l om GPS-sporing. F\u00e5 eksperthjelp med sykkelsikkerhet, abonnementer og partnerskap \u2013 ta kontakt i dag!","robots":{"index":"index","follow":"follow","max-snippet":"max-snippet:-1","max-image-preview":"max-image-preview:large","max-video-preview":"max-video-preview:-1"},"canonical":"https:\/\/bikefinder.com\/u-k\/contact\/","og_locale":"en_GB","og_type":"article","og_title":"Contact us - BikeFinder","og_description":"Kontakt BikeFinder for st\u00f8tte, forhandlerhenvendelser eller sp\u00f8rsm\u00e5l om GPS-sporing. F\u00e5 eksperthjelp med sykkelsikkerhet, abonnementer og partnerskap \u2013 ta kontakt i dag!","og_url":"https:\/\/bikefinder.com\/u-k\/contact\/","og_site_name":"BikeFinder","article_publisher":"https:\/\/www.facebook.com\/teambikefinder","article_modified_time":"2026-02-17T09:02:20+00:00","og_image":[{"width":248,"height":248,"url":"https:\/\/bikefinder.com\/wp-content\/uploads\/2024\/01\/bikefinder-support.png","type":"image\/png"}],"twitter_card":"summary_large_image","twitter_site":"@TeamBikeFinder","twitter_misc":{"Estimated reading time":"1 minute"},"schema":{"@context":"https:\/\/schema.org","@graph":[{"@type":["WebPage","ContactPage"],"@id":"https:\/\/bikefinder.com\/u-k\/contact\/","url":"https:\/\/bikefinder.com\/u-k\/contact\/","name":"Contact us - BikeFinder","isPartOf":{"@id":"https:\/\/bikefinder.com\/#website"},"primaryImageOfPage":{"@id":"https:\/\/bikefinder.com\/u-k\/contact\/#primaryimage"},"image":{"@id":"https:\/\/bikefinder.com\/u-k\/contact\/#primaryimage"},"thumbnailUrl":"https:\/\/bikefinder.com\/wp-content\/uploads\/2024\/01\/bikefinder-support.png","datePublished":"2022-11-01T08:26:20+00:00","dateModified":"2026-02-17T09:02:20+00:00","description":"Kontakt BikeFinder for st\u00f8tte, forhandlerhenvendelser eller sp\u00f8rsm\u00e5l om GPS-sporing. F\u00e5 eksperthjelp med sykkelsikkerhet, abonnementer og partnerskap \u2013 ta kontakt i dag!","breadcrumb":{"@id":"https:\/\/bikefinder.com\/u-k\/contact\/#breadcrumb"},"inLanguage":"en-GB","potentialAction":[{"@type":"ReadAction","target":["https:\/\/bikefinder.com\/u-k\/contact\/"]}]},{"@type":"ImageObject","inLanguage":"en-GB","@id":"https:\/\/bikefinder.com\/u-k\/contact\/#primaryimage","url":"https:\/\/bikefinder.com\/wp-content\/uploads\/2024\/01\/bikefinder-support.png","contentUrl":"https:\/\/bikefinder.com\/wp-content\/uploads\/2024\/01\/bikefinder-support.png"},{"@type":"BreadcrumbList","@id":"https:\/\/bikefinder.com\/u-k\/contact\/#breadcrumb","itemListElement":[{"@type":"ListItem","position":1,"name":"Home","item":"https:\/\/bikefinder.com\/u-k\/"},{"@type":"ListItem","position":2,"name":"contact us"}]},{"@type":"WebSite","@id":"https:\/\/bikefinder.com\/#website","url":"https:\/\/bikefinder.com\/","name":"BikeFinder","description":"GPS-sporing og forsikring til sykkel","publisher":{"@id":"https:\/\/bikefinder.com\/#organization"},"potentialAction":[{"@type":"SearchAction","target":{"@type":"EntryPoint","urlTemplate":"https:\/\/bikefinder.com\/?s={search_term_string}"},"query-input":{"@type":"PropertyValueSpecification","valueRequired":true,"valueName":"search_term_string"}}],"inLanguage":"en-GB"},{"@type":"Organization","@id":"https:\/\/bikefinder.com\/#organization","name":"BikeFinder","url":"https:\/\/bikefinder.com\/","logo":{"@type":"ImageObject","inLanguage":"en-GB","@id":"https:\/\/bikefinder.com\/#\/schema\/logo\/image\/","url":"https:\/\/bikefinder.com\/wp-content\/uploads\/2020\/05\/logo_drop_big.png","contentUrl":"https:\/\/bikefinder.com\/wp-content\/uploads\/2020\/05\/logo_drop_big.png","width":200,"height":200,"caption":"BikeFinder"},"image":{"@id":"https:\/\/bikefinder.com\/#\/schema\/logo\/image\/"},"sameAs":["https:\/\/www.facebook.com\/teambikefinder","https:\/\/x.com\/TeamBikeFinder","https:\/\/www.instagram.com\/teambikefinder\/","https:\/\/www.youtube.com\/@teambikefinder\/","https:\/\/www.linkedin.com\/company\/bikefinder"]}]}},"_links":{"self":[{"href":"https:\/\/bikefinder.com\/u-k\/wp-json\/wp\/v2\/pages\/194902","targetHints":{"allow":["GET"]}}],"collection":[{"href":"https:\/\/bikefinder.com\/u-k\/wp-json\/wp\/v2\/pages"}],"about":[{"href":"https:\/\/bikefinder.com\/u-k\/wp-json\/wp\/v2\/types\/page"}],"author":[{"embeddable":true,"href":"https:\/\/bikefinder.com\/u-k\/wp-json\/wp\/v2\/users\/12934"}],"replies":[{"embeddable":true,"href":"https:\/\/bikefinder.com\/u-k\/wp-json\/wp\/v2\/comments?post=194902"}],"version-history":[{"count":3,"href":"https:\/\/bikefinder.com\/u-k\/wp-json\/wp\/v2\/pages\/194902\/revisions"}],"predecessor-version":[{"id":365929,"href":"https:\/\/bikefinder.com\/u-k\/wp-json\/wp\/v2\/pages\/194902\/revisions\/365929"}],"wp:attachment":[{"href":"https:\/\/bikefinder.com\/u-k\/wp-json\/wp\/v2\/media?parent=194902"}],"curies":[{"name":"wp","href":"https:\/\/api.w.org\/{rel}","templated":true}]}}